{"id":86,"date":"2019-11-17T21:55:16","date_gmt":"2019-11-17T20:55:16","guid":{"rendered":"http:\/\/monidlo.eu\/?page_id=86"},"modified":"2019-11-19T22:23:00","modified_gmt":"2019-11-19T21:23:00","slug":"koncepcja-autorska","status":"publish","type":"page","link":"http:\/\/monidlo.eu\/index.php\/monidlo-arystyczne\/koncepcja-autorska\/","title":{"rendered":"Koncepcja autorska"},"content":{"rendered":"\n<h4 class=\"has-accent-color has-text-color wp-block-heading\">Monid\u0142o to forma po\u015brednia mi\u0119dzy malarstwem a fotografi\u0105. <\/h4>\n\n\n\n<p>Cho\u0107 wsp\u00f3\u0142cze\u015bnie wielu tw\u00f3rc\u00f3w u\u017cywa tej estetyki pos\u0142uguj\u0105c si\u0119 photoshopem lub fotomonta\u017cem. Moje monid\u0142a to zdj\u0119cie drukowane na p\u0142\u00f3tnie i podmalowywane r\u0119cznie farbami olejnymi (z zawodu i pasji jestem malarzem). Proponuj\u0119 te\u017c autorsk\u0105 opraw\u0119 monid\u0142a (rama drewniana, malowana przeze mnie indywidualnie do ka\u017cdego obrazu). Zapewni to unikatowy, niepowtarzalny charakter dzie\u0142a. Monid\u0142o-oryginalna pami\u0105tka istotnych chwil w \u017cyciu (\u015bluby, chrzty, spotkania towarzyskie, rodzinne). To co\u015b co pozwoli ocali\u0107 od zapomnienia istotne mi\u0142o\u015bci, przyja\u017anie, relacje. My\u015bl\u0119, \u017ce jest to wyj\u0105tkowy prezent dla najbli\u017cszych nam os\u00f3b. Charakter monid\u0142a zale\u017cy od osoby zamawiaj\u0105cej mo\u017ce by\u0107 dostojny, uroczysty jak i frywolny, dowcipny, groteskowy. <\/p>\n\n\n\n<p>Preferuj\u0119 osobiste wykonanie zdj\u0119\u0107. Je\u017celi jest to niemo\u017cliwe podejmuj\u0119 si\u0119 r\u00f3wnie\u017c wykonania dzie\u0142a ze zdj\u0119\u0107 powierzonych. Zapraszam na sesje fotograficzne, zapewniaj\u0105c mi\u0142e sp\u0119dzenie czasu. <\/p>\n","protected":false},"excerpt":{"rendered":"<p>Monid\u0142o to forma po\u015brednia mi\u0119dzy malarstwem a fotografi\u0105. Cho\u0107 wsp\u00f3\u0142cze\u015bnie wielu tw\u00f3rc\u00f3w u\u017cywa tej estetyki pos\u0142uguj\u0105c si\u0119 photoshopem lub fotomonta\u017cem. Moje monid\u0142a to zdj\u0119cie drukowane na p\u0142\u00f3tnie i podmalowywane r\u0119cznie farbami olejnymi (z zawodu i pasji jestem malarzem). Proponuj\u0119 te\u017c autorsk\u0105 opraw\u0119 monid\u0142a (rama drewniana, malowana przeze mnie indywidualnie do ka\u017cdego obrazu). Zapewni to unikatowy, [&hellip;]<\/p>\n","protected":false},"author":1,"featured_media":227,"parent":31,"menu_order":0,"comment_status":"closed","ping_status":"closed","template":"","meta":{"footnotes":""},"class_list":["post-86","page","type-page","status-publish","has-post-thumbnail","hentry"],"_links":{"self":[{"href":"http:\/\/monidlo.eu\/index.php\/wp-json\/wp\/v2\/pages\/86"}],"collection":[{"href":"http:\/\/monidlo.eu\/index.php\/wp-json\/wp\/v2\/pages"}],"about":[{"href":"http:\/\/monidlo.eu\/index.php\/wp-json\/wp\/v2\/types\/page"}],"author":[{"embeddable":true,"href":"http:\/\/monidlo.eu\/index.php\/wp-json\/wp\/v2\/users\/1"}],"replies":[{"embeddable":true,"href":"http:\/\/monidlo.eu\/index.php\/wp-json\/wp\/v2\/comments?post=86"}],"version-history":[{"count":5,"href":"http:\/\/monidlo.eu\/index.php\/wp-json\/wp\/v2\/pages\/86\/revisions"}],"predecessor-version":[{"id":155,"href":"http:\/\/monidlo.eu\/index.php\/wp-json\/wp\/v2\/pages\/86\/revisions\/155"}],"up":[{"embeddable":true,"href":"http:\/\/monidlo.eu\/index.php\/wp-json\/wp\/v2\/pages\/31"}],"wp:featuredmedia":[{"embeddable":true,"href":"http:\/\/monidlo.eu\/index.php\/wp-json\/wp\/v2\/media\/227"}],"wp:attachment":[{"href":"http:\/\/monidlo.eu\/index.php\/wp-json\/wp\/v2\/media?parent=86"}],"curies":[{"name":"wp","href":"https:\/\/api.w.org\/{rel}","templated":true}]}}