{"id":92,"date":"2019-11-17T22:21:47","date_gmt":"2019-11-17T21:21:47","guid":{"rendered":"http:\/\/monidlo.eu\/?page_id=92"},"modified":"2019-11-26T11:17:11","modified_gmt":"2019-11-26T10:17:11","slug":"galeria","status":"publish","type":"page","link":"http:\/\/monidlo.eu\/index.php\/monidlo-arystyczne\/galeria\/","title":{"rendered":"Galeria"},"content":{"rendered":"\n<h4 class=\"has-accent-color has-text-color wp-block-heading\"> Nie kicz a magia.  <\/h4>\n\n\n\n<div class=\"wp-block-group\"><div class=\"wp-block-group__inner-container is-layout-flow wp-block-group-is-layout-flow\">\n<div class=\"wp-block-group\"><div class=\"wp-block-group__inner-container is-layout-flow wp-block-group-is-layout-flow\">\n<figure class=\"wp-block-image size-large is-style-default\"><img loading=\"lazy\" decoding=\"async\" width=\"1024\" height=\"741\" src=\"http:\/\/monidlo.eu\/wp-content\/uploads\/2019\/11\/Monid\u0142o-na-prezent_4-1024x741.png\" alt=\"\" class=\"wp-image-159\" srcset=\"http:\/\/monidlo.eu\/wp-content\/uploads\/2019\/11\/Monid\u0142o-na-prezent_4-1024x741.png 1024w, http:\/\/monidlo.eu\/wp-content\/uploads\/2019\/11\/Monid\u0142o-na-prezent_4-300x217.png 300w, http:\/\/monidlo.eu\/wp-content\/uploads\/2019\/11\/Monid\u0142o-na-prezent_4-768x556.png 768w, http:\/\/monidlo.eu\/wp-content\/uploads\/2019\/11\/Monid\u0142o-na-prezent_4-1536x1112.png 1536w, http:\/\/monidlo.eu\/wp-content\/uploads\/2019\/11\/Monid\u0142o-na-prezent_4-1200x869.png 1200w, http:\/\/monidlo.eu\/wp-content\/uploads\/2019\/11\/Monid\u0142o-na-prezent_4.png 1713w\" sizes=\"(max-width: 1024px) 100vw, 1024px\" \/><\/figure>\n\n\n\n<p>W ostatnich latach coraz cz\u0119\u015bciej  mo\u017cna natkn\u0105\u0107 si\u0119 na oferty zwi\u0105zane z wykonaniem monide\u0142, niegdy\u015b uwa\u017canych za tani\u0105 atrakcj\u0119 dla biednych warstw spo\u0142ecznych i synonim kiczu, obecnie bywaj\u0105cymi ciekawym sposobem na indywidualizowanie fotografii. By\u0107 mo\u017ce jest to zas\u0142uga wszechobecnych aparat\u00f3w fotograficznych, kt\u00f3re utrwalaj\u0105, powielaj\u0105, odwzorowuj\u0105, wszystko i wsz\u0119dzie. Zdj\u0119cie mo\u017ce zrobi\u0107 ka\u017cdy, wi\u0119c wszyscy je robi\u0105 i wszyscy je maj\u0105. Nawet rzemie\u015blnicza fotografia jak\u0105 kiedy\u015b para\u0142y si\u0119 zak\u0142ady fotograficzne, obecnie potrafi osi\u0105ga\u0107 poziom  dobrej sztuki i w wielu przypadkach tak\u0105 te\u017c jest.  Jednak szybko przyzwyczajamy si\u0119 do rzeczy dobrych a one szybko staj\u0105 si\u0119 zwyczajnie codzienne. Zatem czy wystarczy nam zwyk\u0142a &#8211; niezwyk\u0142a  fotografia na pami\u0105tk\u0119 wa\u017cnej chwili naszego \u017cycia? Czy na pami\u0105tk\u0119 wystarczy zrobi\u0107 zwyczajne zdj\u0119cie swojej rodzinie, ukochanej osobie czy ukochanemu zwierz\u0119ciu. Z pewno\u015bci\u0105 tak, cho\u0107 nie wszystkim.<\/p>\n\n\n\n<figure class=\"wp-block-image size-large\"><img loading=\"lazy\" decoding=\"async\" width=\"1024\" height=\"741\" src=\"http:\/\/monidlo.eu\/wp-content\/uploads\/2019\/11\/Monid\u0142o-na-prezent2-1-1024x741.png\" alt=\"\" class=\"wp-image-96\" srcset=\"http:\/\/monidlo.eu\/wp-content\/uploads\/2019\/11\/Monid\u0142o-na-prezent2-1-1024x741.png 1024w, http:\/\/monidlo.eu\/wp-content\/uploads\/2019\/11\/Monid\u0142o-na-prezent2-1-300x217.png 300w, http:\/\/monidlo.eu\/wp-content\/uploads\/2019\/11\/Monid\u0142o-na-prezent2-1-768x556.png 768w, http:\/\/monidlo.eu\/wp-content\/uploads\/2019\/11\/Monid\u0142o-na-prezent2-1-1536x1112.png 1536w, http:\/\/monidlo.eu\/wp-content\/uploads\/2019\/11\/Monid\u0142o-na-prezent2-1-1200x869.png 1200w, http:\/\/monidlo.eu\/wp-content\/uploads\/2019\/11\/Monid\u0142o-na-prezent2-1.png 1713w\" sizes=\"(max-width: 1024px) 100vw, 1024px\" \/><\/figure>\n<\/div><\/div>\n\n\n\n<p>I w\u0142a\u015bnie dla tych, kt\u00f3rzy szukaj\u0105 czego\u015b wi\u0119cej, czego\u015b co b\u0119dzie  mia\u0142o sw\u00f3j autogeniczny charakter namaszczony wizj\u0105 artysty, czego\u015b  lepszego ni\u017c tak bardzo ju\u017c zwyczajna fotografia, powraca monid\u0142o.  Monid\u0142o niezwyk\u0142e, monid\u0142o artystyczne, monid\u0142o po transformacji  kulturowej i estetycznej. Nie przeterminowane a zakonserwowane w  oczekiwaniu na dobre czasy. Nie kicz a magia. <\/p>\n\n\n\n<figure class=\"wp-block-image size-large\"><img loading=\"lazy\" decoding=\"async\" width=\"1024\" height=\"741\" src=\"http:\/\/monidlo.eu\/wp-content\/uploads\/2019\/11\/Monid\u0142o-na-prezent-1024x741.png\" alt=\"\" class=\"wp-image-93\" srcset=\"http:\/\/monidlo.eu\/wp-content\/uploads\/2019\/11\/Monid\u0142o-na-prezent-1024x741.png 1024w, http:\/\/monidlo.eu\/wp-content\/uploads\/2019\/11\/Monid\u0142o-na-prezent-300x217.png 300w, http:\/\/monidlo.eu\/wp-content\/uploads\/2019\/11\/Monid\u0142o-na-prezent-768x556.png 768w, http:\/\/monidlo.eu\/wp-content\/uploads\/2019\/11\/Monid\u0142o-na-prezent-1536x1112.png 1536w, http:\/\/monidlo.eu\/wp-content\/uploads\/2019\/11\/Monid\u0142o-na-prezent-1200x869.png 1200w, http:\/\/monidlo.eu\/wp-content\/uploads\/2019\/11\/Monid\u0142o-na-prezent.png 1713w\" sizes=\"(max-width: 1024px) 100vw, 1024px\" \/><\/figure>\n<\/div><\/div>\n\n\n\n<p>Te czasy w\u0142a\u015bnie nasta\u0142y, w pracowni malarskiej Dariusza Fieta, znanego  \u0142\u00f3dzkiego artysty, po okresie hibernacji budz\u0105 si\u0119 do \u017cycia monid\u0142a  niebanalne, wysmakowane, indywidualne i godne miana pami\u0105tki rodzinnej,  przekazywanej z pokolenia na pokolenie, niczym rodzinna relikwia.  (A.W)<\/p>\n\n\n\n<figure class=\"wp-block-image size-large\"><img loading=\"lazy\" decoding=\"async\" width=\"1024\" height=\"741\" src=\"http:\/\/monidlo.eu\/wp-content\/uploads\/2019\/11\/Monid\u0142o-artystyczne_FB_03b-1-1024x741.png\" alt=\"\" class=\"wp-image-97\" srcset=\"http:\/\/monidlo.eu\/wp-content\/uploads\/2019\/11\/Monid\u0142o-artystyczne_FB_03b-1-1024x741.png 1024w, http:\/\/monidlo.eu\/wp-content\/uploads\/2019\/11\/Monid\u0142o-artystyczne_FB_03b-1-300x217.png 300w, http:\/\/monidlo.eu\/wp-content\/uploads\/2019\/11\/Monid\u0142o-artystyczne_FB_03b-1-768x556.png 768w, http:\/\/monidlo.eu\/wp-content\/uploads\/2019\/11\/Monid\u0142o-artystyczne_FB_03b-1-1536x1112.png 1536w, http:\/\/monidlo.eu\/wp-content\/uploads\/2019\/11\/Monid\u0142o-artystyczne_FB_03b-1-1200x869.png 1200w, http:\/\/monidlo.eu\/wp-content\/uploads\/2019\/11\/Monid\u0142o-artystyczne_FB_03b-1.png 1713w\" sizes=\"(max-width: 1024px) 100vw, 1024px\" \/><\/figure>\n\n\n\n<figure class=\"wp-block-image size-large is-style-default\"><img loading=\"lazy\" decoding=\"async\" width=\"1024\" height=\"741\" src=\"http:\/\/monidlo.eu\/wp-content\/uploads\/2019\/11\/Monid\u0142o-artystyczne_FB_06-1024x741.png\" alt=\"Monid\u0142o artystyczne Dariusz Fiet\" class=\"wp-image-233\" srcset=\"http:\/\/monidlo.eu\/wp-content\/uploads\/2019\/11\/Monid\u0142o-artystyczne_FB_06-1024x741.png 1024w, http:\/\/monidlo.eu\/wp-content\/uploads\/2019\/11\/Monid\u0142o-artystyczne_FB_06-300x217.png 300w, http:\/\/monidlo.eu\/wp-content\/uploads\/2019\/11\/Monid\u0142o-artystyczne_FB_06-768x556.png 768w, http:\/\/monidlo.eu\/wp-content\/uploads\/2019\/11\/Monid\u0142o-artystyczne_FB_06-1536x1112.png 1536w, http:\/\/monidlo.eu\/wp-content\/uploads\/2019\/11\/Monid\u0142o-artystyczne_FB_06-1200x869.png 1200w, http:\/\/monidlo.eu\/wp-content\/uploads\/2019\/11\/Monid\u0142o-artystyczne_FB_06.png 1713w\" sizes=\"(max-width: 1024px) 100vw, 1024px\" \/><\/figure>\n\n\n\n<figure class=\"wp-block-image size-large is-style-default\"><img loading=\"lazy\" decoding=\"async\" width=\"1024\" height=\"741\" src=\"http:\/\/monidlo.eu\/wp-content\/uploads\/2019\/11\/Monid\u0142o-artystyczne_FB_05-1024x741.png\" alt=\"Monid\u0142o artystyczne Dariusz Fiet\" class=\"wp-image-234\" srcset=\"http:\/\/monidlo.eu\/wp-content\/uploads\/2019\/11\/Monid\u0142o-artystyczne_FB_05-1024x741.png 1024w, http:\/\/monidlo.eu\/wp-content\/uploads\/2019\/11\/Monid\u0142o-artystyczne_FB_05-300x217.png 300w, http:\/\/monidlo.eu\/wp-content\/uploads\/2019\/11\/Monid\u0142o-artystyczne_FB_05-768x556.png 768w, http:\/\/monidlo.eu\/wp-content\/uploads\/2019\/11\/Monid\u0142o-artystyczne_FB_05-1536x1112.png 1536w, http:\/\/monidlo.eu\/wp-content\/uploads\/2019\/11\/Monid\u0142o-artystyczne_FB_05-1200x869.png 1200w, http:\/\/monidlo.eu\/wp-content\/uploads\/2019\/11\/Monid\u0142o-artystyczne_FB_05.png 1713w\" sizes=\"(max-width: 1024px) 100vw, 1024px\" \/><\/figure>\n\n\n\n<figure class=\"wp-block-image size-large is-style-default\"><img loading=\"lazy\" decoding=\"async\" width=\"1024\" height=\"741\" src=\"http:\/\/monidlo.eu\/wp-content\/uploads\/2019\/11\/Monid\u0142o-na-prezent_7-1024x741.png\" alt=\"Monid\u0142o artystyczne Dariusz Fiet\" class=\"wp-image-235\" srcset=\"http:\/\/monidlo.eu\/wp-content\/uploads\/2019\/11\/Monid\u0142o-na-prezent_7-1024x741.png 1024w, http:\/\/monidlo.eu\/wp-content\/uploads\/2019\/11\/Monid\u0142o-na-prezent_7-300x217.png 300w, http:\/\/monidlo.eu\/wp-content\/uploads\/2019\/11\/Monid\u0142o-na-prezent_7-768x556.png 768w, http:\/\/monidlo.eu\/wp-content\/uploads\/2019\/11\/Monid\u0142o-na-prezent_7-1536x1112.png 1536w, http:\/\/monidlo.eu\/wp-content\/uploads\/2019\/11\/Monid\u0142o-na-prezent_7-1200x869.png 1200w, http:\/\/monidlo.eu\/wp-content\/uploads\/2019\/11\/Monid\u0142o-na-prezent_7.png 1713w\" sizes=\"(max-width: 1024px) 100vw, 1024px\" \/><\/figure>\n","protected":false},"excerpt":{"rendered":"<p>Nie kicz a magia. W ostatnich latach coraz cz\u0119\u015bciej mo\u017cna natkn\u0105\u0107 si\u0119 na oferty zwi\u0105zane z wykonaniem monide\u0142, niegdy\u015b uwa\u017canych za tani\u0105 atrakcj\u0119 dla biednych warstw spo\u0142ecznych i synonim kiczu, obecnie bywaj\u0105cymi ciekawym sposobem na indywidualizowanie fotografii. By\u0107 mo\u017ce jest to zas\u0142uga wszechobecnych aparat\u00f3w fotograficznych, kt\u00f3re utrwalaj\u0105, powielaj\u0105, odwzorowuj\u0105, wszystko i wsz\u0119dzie. Zdj\u0119cie mo\u017ce zrobi\u0107 [&hellip;]<\/p>\n","protected":false},"author":1,"featured_media":227,"parent":31,"menu_order":0,"comment_status":"closed","ping_status":"closed","template":"","meta":{"footnotes":""},"class_list":["post-92","page","type-page","status-publish","has-post-thumbnail","hentry"],"_links":{"self":[{"href":"http:\/\/monidlo.eu\/index.php\/wp-json\/wp\/v2\/pages\/92"}],"collection":[{"href":"http:\/\/monidlo.eu\/index.php\/wp-json\/wp\/v2\/pages"}],"about":[{"href":"http:\/\/monidlo.eu\/index.php\/wp-json\/wp\/v2\/types\/page"}],"author":[{"embeddable":true,"href":"http:\/\/monidlo.eu\/index.php\/wp-json\/wp\/v2\/users\/1"}],"replies":[{"embeddable":true,"href":"http:\/\/monidlo.eu\/index.php\/wp-json\/wp\/v2\/comments?post=92"}],"version-history":[{"count":8,"href":"http:\/\/monidlo.eu\/index.php\/wp-json\/wp\/v2\/pages\/92\/revisions"}],"predecessor-version":[{"id":237,"href":"http:\/\/monidlo.eu\/index.php\/wp-json\/wp\/v2\/pages\/92\/revisions\/237"}],"up":[{"embeddable":true,"href":"http:\/\/monidlo.eu\/index.php\/wp-json\/wp\/v2\/pages\/31"}],"wp:featuredmedia":[{"embeddable":true,"href":"http:\/\/monidlo.eu\/index.php\/wp-json\/wp\/v2\/media\/227"}],"wp:attachment":[{"href":"http:\/\/monidlo.eu\/index.php\/wp-json\/wp\/v2\/media?parent=92"}],"curies":[{"name":"wp","href":"https:\/\/api.w.org\/{rel}","templated":true}]}}